{"id":473,"date":"2023-04-13T17:54:33","date_gmt":"2023-04-13T15:54:33","guid":{"rendered":"https:\/\/tobi.heinecke.dev\/?page_id=473"},"modified":"2024-01-31T14:05:04","modified_gmt":"2024-01-31T13:05:04","slug":"feldrandschild","status":"publish","type":"page","link":"https:\/\/tobi.umgeodat.de\/en\/feldrandschild\/","title":{"rendered":"Field edge sign"},"content":{"rendered":"<div data-elementor-type=\"wp-page\" data-elementor-id=\"473\" class=\"elementor elementor-473\">\n\t\t\t\t<div class=\"elementor-element elementor-element-9bde1f5 e-flex e-con-boxed e-con e-parent\" data-id=\"9bde1f5\" data-element_type=\"container\">\n\t\t\t\t\t<div class=\"e-con-inner\">\n\t\t<div class=\"elementor-element elementor-element-7907c4b e-con-full e-flex e-con e-parent\" data-id=\"7907c4b\" data-element_type=\"container\" data-settings=\"{&quot;shape_divider_top&quot;:&quot;tilt&quot;}\">\n\t\t\t\t<div class=\"elementor-shape elementor-shape-top\" aria-hidden=\"true\" data-negative=\"false\">\n\t\t\t<svg xmlns=\"http:\/\/www.w3.org\/2000\/svg\" viewbox=\"0 0 1000 100\" preserveaspectratio=\"none\">\n\t<path class=\"elementor-shape-fill\" d=\"M0,6V0h1000v100L0,6z\"\/>\n<\/svg>\t\t<\/div>\n\t\t<div class=\"elementor-element elementor-element-cb99d85 e-con-full e-flex e-con e-parent\" data-id=\"cb99d85\" data-element_type=\"container\">\n\t\t<div class=\"elementor-element elementor-element-ef080ab e-con-full e-flex e-con e-parent\" data-id=\"ef080ab\" data-element_type=\"container\">\n\t\t\t\t<div class=\"elementor-element elementor-element-63841a8 elementor-widget elementor-widget-heading\" data-id=\"63841a8\" data-element_type=\"widget\" data-widget_type=\"heading.default\">\n\t\t\t\t<div class=\"elementor-widget-container\">\n\t\t\t\t\t<h2 class=\"elementor-heading-title elementor-size-default\">\u00dcbersicht aller Feldrandschilder<\/h2>\t\t\t\t<\/div>\n\t\t\t\t<\/div>\n\t\t\t\t<\/div>\n\t\t<div class=\"elementor-element elementor-element-f40c9af e-con-full e-flex e-con e-parent\" data-id=\"f40c9af\" data-element_type=\"container\">\n\t\t\t\t<div class=\"elementor-element elementor-element-75132fc elementor-widget elementor-widget-heading\" data-id=\"75132fc\" data-element_type=\"widget\" data-widget_type=\"heading.default\">\n\t\t\t\t<div class=\"elementor-widget-container\">\n\t\t\t\t\t<h2 class=\"elementor-heading-title elementor-size-default\">WIR F\u00d6RDERN BIODIVERSIT\u00c4T!<\/h2>\t\t\t\t<\/div>\n\t\t\t\t<\/div>\n\t\t\t\t<\/div>\n\t\t\t\t<\/div>\n\t\t\t\t<\/div>\n\t\t<div class=\"elementor-element elementor-element-13da512 e-con-full e-flex e-con e-parent\" data-id=\"13da512\" data-element_type=\"container\">\n\t\t<div class=\"elementor-element elementor-element-c941275 e-flex e-con-boxed e-con e-parent\" data-id=\"c941275\" data-element_type=\"container\">\n\t\t\t\t\t<div class=\"e-con-inner\">\n\t\t<div class=\"elementor-element elementor-element-377b9cb e-flex e-con-boxed e-con e-parent\" data-id=\"377b9cb\" data-element_type=\"container\">\n\t\t\t\t\t<div class=\"e-con-inner\">\n\t\t\t\t<div class=\"elementor-element elementor-element-715d67a elementor-widget elementor-widget-image\" data-id=\"715d67a\" data-element_type=\"widget\" data-widget_type=\"image.default\">\n\t\t\t\t<div class=\"elementor-widget-container\">\n\t\t\t\t\t\t\t\t\t\t\t\t\t\t\t\t<a href=\"http:\/\/tobi.umgeodat.de\/wp-content\/uploads\/2023\/07\/Feldrandschild_EinjaehrigeBluehstreifen.pdf\">\n\t\t\t\t\t\t\t<img fetchpriority=\"high\" decoding=\"async\" width=\"768\" height=\"1086\" src=\"https:\/\/tobi.umgeodat.de\/wp-content\/uploads\/2023\/07\/08_einj.Bluehstreifen.png\" class=\"elementor-animation-grow attachment-medium_large size-medium_large wp-image-2328\" alt=\"\" \/>\t\t\t\t\t\t\t\t<\/a>\n\t\t\t\t\t\t\t\t\t\t\t\t\t\t\t<\/div>\n\t\t\t\t<\/div>\n\t\t\t\t\t<\/div>\n\t\t\t\t<\/div>\n\t\t<div class=\"elementor-element elementor-element-eb9946c e-flex e-con-boxed e-con e-parent\" data-id=\"eb9946c\" data-element_type=\"container\">\n\t\t\t\t\t<div class=\"e-con-inner\">\n\t\t\t\t<div class=\"elementor-element elementor-element-f3c6e3c elementor-widget elementor-widget-image\" data-id=\"f3c6e3c\" data-element_type=\"widget\" data-widget_type=\"image.default\">\n\t\t\t\t<div class=\"elementor-widget-container\">\n\t\t\t\t\t\t\t\t\t\t\t\t\t\t\t\t<a href=\"http:\/\/tobi.umgeodat.de\/wp-content\/uploads\/2023\/07\/Feldrandschild_MehrjaehrigeBluehstreifen.pdf\">\n\t\t\t\t\t\t\t<img decoding=\"async\" width=\"768\" height=\"1086\" src=\"https:\/\/tobi.umgeodat.de\/wp-content\/uploads\/2023\/07\/01_mehrj.Bluehstreifen.png\" class=\"elementor-animation-grow attachment-medium_large size-medium_large wp-image-2321\" alt=\"\" \/>\t\t\t\t\t\t\t\t<\/a>\n\t\t\t\t\t\t\t\t\t\t\t\t\t\t\t<\/div>\n\t\t\t\t<\/div>\n\t\t\t\t\t<\/div>\n\t\t\t\t<\/div>\n\t\t\t\t\t<\/div>\n\t\t\t\t<\/div>\n\t\t\t\t<\/div>\n\t\t\t\t\t<\/div>\n\t\t\t\t<\/div>\n\t\t<div class=\"elementor-element elementor-element-f45b785 e-flex e-con-boxed e-con e-parent\" data-id=\"f45b785\" data-element_type=\"container\">\n\t\t\t\t\t<div class=\"e-con-inner\">\n\t\t<div class=\"elementor-element elementor-element-8e4235e e-con-full elementor-hidden-mobile e-flex e-con e-parent\" data-id=\"8e4235e\" data-element_type=\"container\" data-settings=\"{&quot;shape_divider_bottom&quot;:&quot;tilt&quot;,&quot;shape_divider_top&quot;:&quot;tilt&quot;}\">\n\t\t\t\t<div class=\"elementor-shape elementor-shape-top\" aria-hidden=\"true\" data-negative=\"false\">\n\t\t\t<svg xmlns=\"http:\/\/www.w3.org\/2000\/svg\" viewbox=\"0 0 1000 100\" preserveaspectratio=\"none\">\n\t<path class=\"elementor-shape-fill\" d=\"M0,6V0h1000v100L0,6z\"\/>\n<\/svg>\t\t<\/div>\n\t\t\t\t<div class=\"elementor-shape elementor-shape-bottom\" aria-hidden=\"true\" data-negative=\"false\">\n\t\t\t<svg xmlns=\"http:\/\/www.w3.org\/2000\/svg\" viewbox=\"0 0 1000 100\" preserveaspectratio=\"none\">\n\t<path class=\"elementor-shape-fill\" d=\"M0,6V0h1000v100L0,6z\"\/>\n<\/svg>\t\t<\/div>\n\t\t\t\t<\/div>\n\t\t<div class=\"elementor-element elementor-element-00d788f e-con-full e-flex e-con e-parent\" data-id=\"00d788f\" data-element_type=\"container\">\n\t\t<div class=\"elementor-element elementor-element-7988c5e e-flex e-con-boxed e-con e-parent\" data-id=\"7988c5e\" data-element_type=\"container\">\n\t\t\t\t\t<div class=\"e-con-inner\">\n\t\t<div class=\"elementor-element elementor-element-51be045 e-flex e-con-boxed e-con e-parent\" data-id=\"51be045\" data-element_type=\"container\">\n\t\t\t\t\t<div class=\"e-con-inner\">\n\t\t\t\t<div class=\"elementor-element elementor-element-8cf7b34 elementor-widget elementor-widget-image\" data-id=\"8cf7b34\" data-element_type=\"widget\" data-widget_type=\"image.default\">\n\t\t\t\t<div class=\"elementor-widget-container\">\n\t\t\t\t\t\t\t\t\t\t\t\t\t\t\t\t<a href=\"http:\/\/tobi.umgeodat.de\/wp-content\/uploads\/2023\/07\/Feldrandschild_Ackerwildkrautstreifen.pdf\">\n\t\t\t\t\t\t\t<img decoding=\"async\" width=\"768\" height=\"1086\" src=\"https:\/\/tobi.umgeodat.de\/wp-content\/uploads\/2023\/07\/04_Ackerwildkrautstreifen.png\" class=\"elementor-animation-grow attachment-medium_large size-medium_large wp-image-2324\" alt=\"\" \/>\t\t\t\t\t\t\t\t<\/a>\n\t\t\t\t\t\t\t\t\t\t\t\t\t\t\t<\/div>\n\t\t\t\t<\/div>\n\t\t\t\t\t<\/div>\n\t\t\t\t<\/div>\n\t\t<div class=\"elementor-element elementor-element-55599b1 e-flex e-con-boxed e-con e-parent\" data-id=\"55599b1\" data-element_type=\"container\">\n\t\t\t\t\t<div class=\"e-con-inner\">\n\t\t\t\t<div class=\"elementor-element elementor-element-64ec757 elementor-widget elementor-widget-image\" data-id=\"64ec757\" data-element_type=\"widget\" data-widget_type=\"image.default\">\n\t\t\t\t<div class=\"elementor-widget-container\">\n\t\t\t\t\t\t\t\t\t\t\t\t\t\t\t\t<a href=\"http:\/\/tobi.umgeodat.de\/wp-content\/uploads\/2023\/07\/Feldrandschild_Schonstreifen.pdf\">\n\t\t\t\t\t\t\t<img loading=\"lazy\" decoding=\"async\" width=\"768\" height=\"1086\" src=\"https:\/\/tobi.umgeodat.de\/wp-content\/uploads\/2023\/07\/03_Schonstreifen.png\" class=\"elementor-animation-grow attachment-medium_large size-medium_large wp-image-2323\" alt=\"\" \/>\t\t\t\t\t\t\t\t<\/a>\n\t\t\t\t\t\t\t\t\t\t\t\t\t\t\t<\/div>\n\t\t\t\t<\/div>\n\t\t\t\t\t<\/div>\n\t\t\t\t<\/div>\n\t\t\t\t\t<\/div>\n\t\t\t\t<\/div>\n\t\t\t\t<\/div>\n\t\t\t\t\t<\/div>\n\t\t\t\t<\/div>\n\t\t<div class=\"elementor-element elementor-element-e149045 e-flex e-con-boxed e-con e-parent\" data-id=\"e149045\" data-element_type=\"container\">\n\t\t\t\t\t<div class=\"e-con-inner\">\n\t\t<div class=\"elementor-element elementor-element-3eb894e e-con-full e-flex e-con e-parent\" data-id=\"3eb894e\" data-element_type=\"container\" data-settings=\"{&quot;background_background&quot;:&quot;classic&quot;}\">\n\t\t\t\t<div class=\"elementor-element elementor-element-7319d6e elementor-widget elementor-widget-text-editor\" data-id=\"7319d6e\" data-element_type=\"widget\" data-widget_type=\"text-editor.default\">\n\t\t\t\t<div class=\"elementor-widget-container\">\n\t\t\t\t\t\t\t\t\t<p>Zu jeder Ma\u00dfnahme finden Sie hier ein Feldrandschild mit kurzem Erl\u00e4uterungstext zum selber downloaden, ausdrucken, laminieren und am Feldrand aufstellen.<\/p><p>Wenn Sie das Feldrandschild bei einer Druckerei in Auftrag geben m\u00f6chten, stellt Ihnen die Grafikerin gerne eine angepasste Datei f\u00fcr Ihre gew\u00fcnschte Druckerei zur Verf\u00fcgung. Nehmen Sie dazu gerne Kontakt auf unter:<\/p><p>\u00a0<\/p><p>Monique Brasser<\/p><p>Tel.: 034771 717587 \/ 0176 23227980<\/p><p>E-Mail: <a href=\"mailto:kontakt@tomesch-design.de\" target=\"_blank\" rel=\"noopener\">kontakt@tomesch-design.de<\/a><\/p><p><a href=\"https:\/\/www.tomesch-design.de\" target=\"_blank\" rel=\"noopener\">www.tomesch-design.de<\/a><\/p>\t\t\t\t\t\t\t\t<\/div>\n\t\t\t\t<\/div>\n\t\t\t\t<\/div>\n\t\t<div class=\"elementor-element elementor-element-e4765e7 e-con-full e-flex e-con e-parent\" data-id=\"e4765e7\" data-element_type=\"container\">\n\t\t<div class=\"elementor-element elementor-element-1d5f298 e-flex e-con-boxed e-con e-parent\" data-id=\"1d5f298\" data-element_type=\"container\">\n\t\t\t\t\t<div class=\"e-con-inner\">\n\t\t<div class=\"elementor-element elementor-element-14109bd e-flex e-con-boxed e-con e-parent\" data-id=\"14109bd\" data-element_type=\"container\">\n\t\t\t\t\t<div class=\"e-con-inner\">\n\t\t\t\t<div class=\"elementor-element elementor-element-438ec69 elementor-widget elementor-widget-image\" data-id=\"438ec69\" data-element_type=\"widget\" data-widget_type=\"image.default\">\n\t\t\t\t<div class=\"elementor-widget-container\">\n\t\t\t\t\t\t\t\t\t\t\t\t\t\t\t\t<a href=\"http:\/\/tobi.umgeodat.de\/wp-content\/uploads\/2023\/07\/Feldrandschild_Feldlerchenfenster.pdf\">\n\t\t\t\t\t\t\t<img loading=\"lazy\" decoding=\"async\" width=\"768\" height=\"1086\" src=\"https:\/\/tobi.umgeodat.de\/wp-content\/uploads\/2023\/07\/09_Feldlerchenfenster.png\" class=\"elementor-animation-grow attachment-medium_large size-medium_large wp-image-2329\" alt=\"\" \/>\t\t\t\t\t\t\t\t<\/a>\n\t\t\t\t\t\t\t\t\t\t\t\t\t\t\t<\/div>\n\t\t\t\t<\/div>\n\t\t\t\t\t<\/div>\n\t\t\t\t<\/div>\n\t\t<div class=\"elementor-element elementor-element-1a35aa9 e-flex e-con-boxed e-con e-parent\" data-id=\"1a35aa9\" data-element_type=\"container\">\n\t\t\t\t\t<div class=\"e-con-inner\">\n\t\t\t\t<div class=\"elementor-element elementor-element-1140ac9 elementor-widget elementor-widget-image\" data-id=\"1140ac9\" data-element_type=\"widget\" data-widget_type=\"image.default\">\n\t\t\t\t<div class=\"elementor-widget-container\">\n\t\t\t\t\t\t\t\t\t\t\t\t\t\t\t\t<a href=\"http:\/\/tobi.umgeodat.de\/wp-content\/uploads\/2023\/07\/Feldrandschild_Erosionsschutzstreifen.pdf\">\n\t\t\t\t\t\t\t<img loading=\"lazy\" decoding=\"async\" width=\"768\" height=\"1086\" src=\"https:\/\/tobi.umgeodat.de\/wp-content\/uploads\/2023\/07\/05_Erosionsschutzstreifen.png\" class=\"elementor-animation-grow attachment-medium_large size-medium_large wp-image-2325\" alt=\"\" \/>\t\t\t\t\t\t\t\t<\/a>\n\t\t\t\t\t\t\t\t\t\t\t\t\t\t\t<\/div>\n\t\t\t\t<\/div>\n\t\t\t\t\t<\/div>\n\t\t\t\t<\/div>\n\t\t\t\t\t<\/div>\n\t\t\t\t<\/div>\n\t\t<div class=\"elementor-element elementor-element-b1d80b7 e-flex e-con-boxed e-con e-parent\" data-id=\"b1d80b7\" data-element_type=\"container\">\n\t\t\t\t\t<div class=\"e-con-inner\">\n\t\t<div class=\"elementor-element elementor-element-030e734 e-flex e-con-boxed e-con e-parent\" data-id=\"030e734\" data-element_type=\"container\">\n\t\t\t\t\t<div class=\"e-con-inner\">\n\t\t\t\t<div class=\"elementor-element elementor-element-1fa0b55 elementor-widget elementor-widget-image\" data-id=\"1fa0b55\" data-element_type=\"widget\" data-widget_type=\"image.default\">\n\t\t\t\t<div class=\"elementor-widget-container\">\n\t\t\t\t\t\t\t\t\t\t\t\t\t\t\t\t<a href=\"http:\/\/tobi.umgeodat.de\/wp-content\/uploads\/2023\/07\/Feldrandschild_FeldraineSaeume.pdf\">\n\t\t\t\t\t\t\t<img loading=\"lazy\" decoding=\"async\" width=\"768\" height=\"1086\" src=\"https:\/\/tobi.umgeodat.de\/wp-content\/uploads\/2023\/07\/02_SaeumeFeldraine.png\" class=\"elementor-animation-grow attachment-medium_large size-medium_large wp-image-2322\" alt=\"\" \/>\t\t\t\t\t\t\t\t<\/a>\n\t\t\t\t\t\t\t\t\t\t\t\t\t\t\t<\/div>\n\t\t\t\t<\/div>\n\t\t\t\t\t<\/div>\n\t\t\t\t<\/div>\n\t\t<div class=\"elementor-element elementor-element-a6415d7 e-flex e-con-boxed e-con e-parent\" data-id=\"a6415d7\" data-element_type=\"container\">\n\t\t\t\t\t<div class=\"e-con-inner\">\n\t\t\t\t<div class=\"elementor-element elementor-element-4804f08 elementor-widget elementor-widget-image\" data-id=\"4804f08\" data-element_type=\"widget\" data-widget_type=\"image.default\">\n\t\t\t\t<div class=\"elementor-widget-container\">\n\t\t\t\t\t\t\t\t\t\t\t\t\t\t\t\t<a href=\"http:\/\/tobi.umgeodat.de\/wp-content\/uploads\/2023\/07\/Feldrandschild_BunteRebgasse.pdf\">\n\t\t\t\t\t\t\t<img loading=\"lazy\" decoding=\"async\" width=\"768\" height=\"1086\" src=\"https:\/\/tobi.umgeodat.de\/wp-content\/uploads\/2023\/07\/07_Bunte-Rebgasse.png\" class=\"elementor-animation-grow attachment-medium_large size-medium_large wp-image-2327\" alt=\"\" \/>\t\t\t\t\t\t\t\t<\/a>\n\t\t\t\t\t\t\t\t\t\t\t\t\t\t\t<\/div>\n\t\t\t\t<\/div>\n\t\t\t\t\t<\/div>\n\t\t\t\t<\/div>\n\t\t\t\t\t<\/div>\n\t\t\t\t<\/div>\n\t\t<div class=\"elementor-element elementor-element-fbddf2e e-flex e-con-boxed e-con e-parent\" data-id=\"fbddf2e\" data-element_type=\"container\">\n\t\t\t\t\t<div class=\"e-con-inner\">\n\t\t<div class=\"elementor-element elementor-element-1eb7e95 e-flex e-con-boxed e-con e-parent\" data-id=\"1eb7e95\" data-element_type=\"container\">\n\t\t\t\t\t<div class=\"e-con-inner\">\n\t\t\t\t<div class=\"elementor-element elementor-element-4b165b5 elementor-widget elementor-widget-image\" data-id=\"4b165b5\" data-element_type=\"widget\" data-widget_type=\"image.default\">\n\t\t\t\t<div class=\"elementor-widget-container\">\n\t\t\t\t\t\t\t\t\t\t\t\t\t\t\t\t<a href=\"http:\/\/tobi.umgeodat.de\/wp-content\/uploads\/2023\/07\/Feldrandschild_ErneuerbareEnergien.pdf\">\n\t\t\t\t\t\t\t<img loading=\"lazy\" decoding=\"async\" width=\"768\" height=\"1086\" src=\"https:\/\/tobi.umgeodat.de\/wp-content\/uploads\/2023\/07\/11_Erneuerbare-Energien.png\" class=\"elementor-animation-grow attachment-medium_large size-medium_large wp-image-2331\" alt=\"\" \/>\t\t\t\t\t\t\t\t<\/a>\n\t\t\t\t\t\t\t\t\t\t\t\t\t\t\t<\/div>\n\t\t\t\t<\/div>\n\t\t\t\t\t<\/div>\n\t\t\t\t<\/div>\n\t\t<div class=\"elementor-element elementor-element-5839221 e-flex e-con-boxed e-con e-parent\" data-id=\"5839221\" data-element_type=\"container\">\n\t\t\t\t\t<div class=\"e-con-inner\">\n\t\t\t\t<div class=\"elementor-element elementor-element-dadeed9 elementor-widget elementor-widget-image\" data-id=\"dadeed9\" data-element_type=\"widget\" data-widget_type=\"image.default\">\n\t\t\t\t<div class=\"elementor-widget-container\">\n\t\t\t\t\t\t\t\t\t\t\t\t\t\t\t\t<a href=\"http:\/\/tobi.umgeodat.de\/wp-content\/uploads\/2023\/07\/Feldrandschild_GehoelzeAgroforst.pdf\">\n\t\t\t\t\t\t\t<img loading=\"lazy\" decoding=\"async\" width=\"768\" height=\"1086\" src=\"https:\/\/tobi.umgeodat.de\/wp-content\/uploads\/2023\/07\/06_Gehoelze-Agroforst.png\" class=\"elementor-animation-grow attachment-medium_large size-medium_large wp-image-2326\" alt=\"\" \/>\t\t\t\t\t\t\t\t<\/a>\n\t\t\t\t\t\t\t\t\t\t\t\t\t\t\t<\/div>\n\t\t\t\t<\/div>\n\t\t\t\t\t<\/div>\n\t\t\t\t<\/div>\n\t\t\t\t\t<\/div>\n\t\t\t\t<\/div>\n\t\t<div class=\"elementor-element elementor-element-4c1a479 e-flex e-con-boxed e-con e-parent\" data-id=\"4c1a479\" data-element_type=\"container\">\n\t\t\t\t\t<div class=\"e-con-inner\">\n\t\t<div class=\"elementor-element elementor-element-bf9e625 e-flex e-con-boxed e-con e-parent\" data-id=\"bf9e625\" data-element_type=\"container\">\n\t\t\t\t\t<div class=\"e-con-inner\">\n\t\t\t\t<div class=\"elementor-element elementor-element-a9ce52b elementor-widget elementor-widget-image\" data-id=\"a9ce52b\" data-element_type=\"widget\" data-widget_type=\"image.default\">\n\t\t\t\t<div class=\"elementor-widget-container\">\n\t\t\t\t\t\t\t\t\t\t\t\t\t\t\t\t<a href=\"http:\/\/tobi.umgeodat.de\/wp-content\/uploads\/2023\/07\/Feldrandschild_Hofstelle.pdf\">\n\t\t\t\t\t\t\t<img loading=\"lazy\" decoding=\"async\" width=\"768\" height=\"1086\" src=\"https:\/\/tobi.umgeodat.de\/wp-content\/uploads\/2023\/07\/10_Hofstelle.png\" class=\"elementor-animation-grow attachment-medium_large size-medium_large wp-image-2330\" alt=\"\" \/>\t\t\t\t\t\t\t\t<\/a>\n\t\t\t\t\t\t\t\t\t\t\t\t\t\t\t<\/div>\n\t\t\t\t<\/div>\n\t\t\t\t\t<\/div>\n\t\t\t\t<\/div>\n\t\t<div class=\"elementor-element elementor-element-9b35051 e-flex e-con-boxed e-con e-parent\" data-id=\"9b35051\" data-element_type=\"container\">\n\t\t\t\t\t<div class=\"e-con-inner\">\n\t\t\t\t<div class=\"elementor-element elementor-element-fff0671 elementor-widget elementor-widget-image\" data-id=\"fff0671\" data-element_type=\"widget\" data-widget_type=\"image.default\">\n\t\t\t\t<div class=\"elementor-widget-container\">\n\t\t\t\t\t\t\t\t\t\t\t\t\t\t\t\t<a href=\"http:\/\/tobi.umgeodat.de\/wp-content\/uploads\/2023\/07\/Feldrandschild_Gewaesserrandstreifen.pdf\">\n\t\t\t\t\t\t\t<img loading=\"lazy\" decoding=\"async\" width=\"768\" height=\"1086\" src=\"https:\/\/tobi.umgeodat.de\/wp-content\/uploads\/2023\/07\/Gewaesserrandstreifen.png\" class=\"elementor-animation-grow attachment-medium_large size-medium_large wp-image-2332\" alt=\"\" \/>\t\t\t\t\t\t\t\t<\/a>\n\t\t\t\t\t\t\t\t\t\t\t\t\t\t\t<\/div>\n\t\t\t\t<\/div>\n\t\t\t\t\t<\/div>\n\t\t\t\t<\/div>\n\t\t\t\t\t<\/div>\n\t\t\t\t<\/div>\n\t\t\t\t<\/div>\n\t\t\t\t\t<\/div>\n\t\t\t\t<\/div>\n\t\t<div class=\"elementor-element elementor-element-468d5ca elementor-hidden-mobile e-flex e-con-boxed e-con e-parent\" data-id=\"468d5ca\" data-element_type=\"container\">\n\t\t\t\t\t<div class=\"e-con-inner\">\n\t\t<div class=\"elementor-element elementor-element-d3dfee3 e-con-full e-flex e-con e-parent\" data-id=\"d3dfee3\" data-element_type=\"container\" data-settings=\"{&quot;shape_divider_bottom&quot;:&quot;tilt&quot;,&quot;shape_divider_top&quot;:&quot;tilt&quot;}\">\n\t\t\t\t<div class=\"elementor-shape elementor-shape-top\" aria-hidden=\"true\" data-negative=\"false\">\n\t\t\t<svg xmlns=\"http:\/\/www.w3.org\/2000\/svg\" viewbox=\"0 0 1000 100\" preserveaspectratio=\"none\">\n\t<path class=\"elementor-shape-fill\" d=\"M0,6V0h1000v100L0,6z\"\/>\n<\/svg>\t\t<\/div>\n\t\t\t\t<div class=\"elementor-shape elementor-shape-bottom\" aria-hidden=\"true\" data-negative=\"false\">\n\t\t\t<svg xmlns=\"http:\/\/www.w3.org\/2000\/svg\" viewbox=\"0 0 1000 100\" preserveaspectratio=\"none\">\n\t<path class=\"elementor-shape-fill\" d=\"M0,6V0h1000v100L0,6z\"\/>\n<\/svg>\t\t<\/div>\n\t\t\t\t<\/div>\n\t\t<div class=\"elementor-element elementor-element-1fef031 e-con-full e-flex e-con e-parent\" data-id=\"1fef031\" data-element_type=\"container\">\n\t\t\t\t<\/div>\n\t\t\t\t\t<\/div>\n\t\t\t\t<\/div>\n\t\t<div class=\"elementor-element elementor-element-e94cdbc elementor-hidden-mobile e-flex e-con-boxed e-con e-parent\" data-id=\"e94cdbc\" data-element_type=\"container\">\n\t\t\t\t\t<div class=\"e-con-inner\">\n\t\t<div class=\"elementor-element elementor-element-e02f20f e-con-full e-flex e-con e-parent\" data-id=\"e02f20f\" data-element_type=\"container\" data-settings=\"{&quot;shape_divider_top&quot;:&quot;tilt&quot;}\">\n\t\t\t\t<div class=\"elementor-shape elementor-shape-top\" aria-hidden=\"true\" data-negative=\"false\">\n\t\t\t<svg xmlns=\"http:\/\/www.w3.org\/2000\/svg\" viewbox=\"0 0 1000 100\" preserveaspectratio=\"none\">\n\t<path class=\"elementor-shape-fill\" d=\"M0,6V0h1000v100L0,6z\"\/>\n<\/svg>\t\t<\/div>\n\t\t\t\t<\/div>\n\t\t<div class=\"elementor-element elementor-element-2423925 e-con-full e-flex e-con e-parent\" data-id=\"2423925\" data-element_type=\"container\">\n\t\t\t\t<\/div>\n\t\t\t\t\t<\/div>\n\t\t\t\t<\/div>\n\t\t\t\t<\/div>","protected":false},"excerpt":{"rendered":"<p>\u00dcbersicht aller Feldrandschilder WIR F\u00d6RDERN BIODIVERSIT\u00c4T! Zu jeder Ma\u00dfnahme finden Sie hier ein Feldrandschild mit kurzem Erl\u00e4uterungstext zum selber downloaden, ausdrucken, laminieren und am Feldrand aufstellen. Wenn Sie das Feldrandschild bei einer Druckerei in Auftrag geben m\u00f6chten, stellt Ihnen die Grafikerin gerne eine angepasste Datei f\u00fcr Ihre gew\u00fcnschte Druckerei zur Verf\u00fcgung. Nehmen Sie dazu gerne [&hellip;]<\/p>","protected":false},"author":1,"featured_media":0,"parent":0,"menu_order":0,"comment_status":"closed","ping_status":"closed","template":"","meta":{"inline_featured_image":false,"_monsterinsights_skip_tracking":false,"_monsterinsights_sitenote_active":false,"_monsterinsights_sitenote_note":"","_monsterinsights_sitenote_category":0,"footnotes":""},"class_list":["post-473","page","type-page","status-publish","hentry"],"_links":{"self":[{"href":"https:\/\/tobi.umgeodat.de\/en\/wp-json\/wp\/v2\/pages\/473","targetHints":{"allow":["GET"]}}],"collection":[{"href":"https:\/\/tobi.umgeodat.de\/en\/wp-json\/wp\/v2\/pages"}],"about":[{"href":"https:\/\/tobi.umgeodat.de\/en\/wp-json\/wp\/v2\/types\/page"}],"author":[{"embeddable":true,"href":"https:\/\/tobi.umgeodat.de\/en\/wp-json\/wp\/v2\/users\/1"}],"replies":[{"embeddable":true,"href":"https:\/\/tobi.umgeodat.de\/en\/wp-json\/wp\/v2\/comments?post=473"}],"version-history":[{"count":0,"href":"https:\/\/tobi.umgeodat.de\/en\/wp-json\/wp\/v2\/pages\/473\/revisions"}],"wp:attachment":[{"href":"https:\/\/tobi.umgeodat.de\/en\/wp-json\/wp\/v2\/media?parent=473"}],"curies":[{"name":"wp","href":"https:\/\/api.w.org\/{rel}","templated":true}]}}